{"id":14202,"date":"2021-01-20T09:03:30","date_gmt":"2021-01-20T08:03:30","guid":{"rendered":"http:\/\/convergences.online\/hemato\/?page_id=14202"},"modified":"2024-01-05T14:26:49","modified_gmt":"2024-01-05T13:26:49","slug":"eha-2020","status":"publish","type":"page","link":"https:\/\/www.hematostat.net\/en\/eha-2020\/","title":{"rendered":"EHA 2020"},"content":{"rendered":"<div class=\"fusion-fullwidth fullwidth-box fusion-builder-row-1 fusion-flex-container nonhundred-percent-fullwidth non-hundred-percent-height-scrolling\" style=\"--awb-border-radius-top-left:0px;--awb-border-radius-top-right:0px;--awb-border-radius-bottom-right:0px;--awb-border-radius-bottom-left:0px;--awb-flex-wrap:wrap;\" ><div class=\"fusion-builder-row fusion-row fusion-flex-align-items-flex-start fusion-flex-content-wrap\" style=\"max-width:1302px;margin-left: calc(-5% \/ 2 );margin-right: calc(-5% \/ 2 );\"><div class=\"fusion-layout-column fusion_builder_column fusion-builder-column-0 fusion_builder_column_1_2 1_2 fusion-flex-column\" style=\"--awb-bg-size:cover;--awb-width-large:50%;--awb-margin-top-large:0px;--awb-spacing-right-large:4.75%;--awb-margin-bottom-large:0px;--awb-spacing-left-large:4.75%;--awb-width-medium:50%;--awb-order-medium:0;--awb-spacing-right-medium:4.75%;--awb-spacing-left-medium:4.75%;--awb-width-small:100%;--awb-order-small:0;--awb-spacing-right-small:2.375%;--awb-spacing-left-small:2.375%;\"><div class=\"fusion-column-wrapper fusion-column-has-shadow fusion-flex-justify-content-flex-start fusion-content-layout-column\"><div class=\"fusion-image-element\" style=\"text-align:center;--awb-margin-right:15%;--awb-margin-bottom:10%;--awb-margin-left:15%;--awb-caption-title-font-family:var(--h2_typography-font-family);--awb-caption-title-font-weight:var(--h2_typography-font-weight);--awb-caption-title-font-style:var(--h2_typography-font-style);--awb-caption-title-size:var(--h2_typography-font-size);--awb-caption-title-transform:var(--h2_typography-text-transform);--awb-caption-title-line-height:var(--h2_typography-line-height);--awb-caption-title-letter-spacing:var(--h2_typography-letter-spacing);\"><span class=\"fusion-imageframe imageframe-glow imageframe-1 hover-type-none\" style=\"-webkit-box-shadow: 0 0 3px var(--awb-color7);box-shadow: 0 0 3px var(--awb-color7);\"><img decoding=\"async\" src=\"data:image\/gif;base64,R0lGODlhAQABAAAAACH5BAEKAAEALAAAAAABAAEAAAICTAEAOw==\" data-orig-src=\"https:\/\/convergences.online\/wp-content\/uploads\/sites\/2\/2021\/05\/Capture-decran-2021-05-05-a-10.29.54.png\" alt class=\"lazyload img-responsive\"\/><\/span><\/div><div class=\"fusion-text fusion-text-1\"><p style=\"text-align: center;\"><strong>[3d-flip-book mode=&#8221;link-lightbox&#8221; id=&#8221;14842&#8243; lightbox=&#8221;dark&#8221;]Voir le num\u00e9ro complet[\/3d-flip-book]<\/strong><\/p>\n<\/div><\/div><\/div><div class=\"fusion-layout-column fusion_builder_column fusion-builder-column-1 fusion_builder_column_1_2 1_2 fusion-flex-column\" style=\"--awb-bg-size:cover;--awb-width-large:50%;--awb-margin-top-large:0px;--awb-spacing-right-large:4.75%;--awb-margin-bottom-large:0px;--awb-spacing-left-large:4.75%;--awb-width-medium:50%;--awb-order-medium:0;--awb-spacing-right-medium:4.75%;--awb-spacing-left-medium:4.75%;--awb-width-small:100%;--awb-order-small:0;--awb-spacing-right-small:2.375%;--awb-spacing-left-small:2.375%;\"><div class=\"fusion-column-wrapper fusion-column-has-shadow fusion-flex-justify-content-flex-start fusion-content-layout-column\"><div class=\"fusion-text fusion-text-2\"><h3><span style=\"color: #bb64ae;\"><b>ACTUALIT\u00c9S PR\u00c9SENT\u00c9ES DANS LA LEUC\u00c9MIE AIGU\u00cb<\/b><\/span><b><\/b><\/h3>\n<p>QUESTIONS \u00c0 UN EXPERT : Marie BALSAT <b><span class=\"Apple-converted-space\"><br \/>\n<\/span><\/b>Vers une HARMONYsation des pratiques dans la LAM ? <b>Ma\u00ebl HEIBLIG, Audrey LAVENU<br \/>\n<\/b>VIALE-C : le v\u00e9n\u00e9toclax arrive enfin ! <b>Ma\u00ebl HEIBLIG, Audrey LAVENU<br \/>\n<\/b>ATRA, Acide Valpro\u00efque, azacitidine : faites vos jeux ! <b>Ma\u00ebl HEIBLIG, Audrey LAVENU<br \/>\n<\/b>Enasidenib plus azacitidine : vers un nouveau standard des LAM IDH2 mut\u00e9es ? <b>Ma\u00ebl HEIBLIG, Audrey LAVENU<br \/>\n<\/b>La fin du 3+7 dans la leuc\u00e9mie aigu\u00eb my\u00e9lo\u00efde ? <b>Ma\u00ebl HEIBLIG, Audrey LAVENU<\/b><\/p>\n<h3><span style=\"color: #bb64ae;\"><b>ACTUALIT\u00c9S SUR LES LYMPHOMES \u00c0 L&#8217;EHA 2020<\/b><\/span><b><\/b><\/h3>\n<p>Le chant du cygne de la radioth\u00e9rapie dans les maladies de Hodgkin localis\u00e9es ? <b>Beno\u00eet TESSOULIN, Sandrine KATSAHIAN <span class=\"Apple-converted-space\"><br \/>\n<\/span><\/b>Lena <i>vs <\/i>Lena-Tafa, \u00e0 vaincre sans p\u00e9ril\u2026 <b>Beno\u00eet TESSOULIN, Sandrine KATSAHIAN<span class=\"Apple-converted-space\"><br \/>\n<\/span><\/b>La rechute neuro-m\u00e9ning\u00e9e du Lymphome \u00e0 cellules du manteau : encore une victoire de l\u2019ibrutinib ? <b>Beno\u00eet TESSOULIN, Sandrine KATSAHIAN<br \/>\n<\/b>Les manteaux su\u00e9dois : un assemblage de donn\u00e9es de vie r\u00e9elle difficile \u00e0 interpr\u00e9ter <b>Beno\u00eet TESSOULIN, Audrey LAVENU<br \/>\n<\/b>Le maraleucel dans la for\u00eat des variables : des r\u00e9sultats attendus et d\u2019autres insoup\u00e7onn\u00e9s <b>Beno\u00eet TESSOULIN, Audrey LAVEN<br \/>\n<\/b>Aux Pays-Bas, il n\u2019y a pas beaucoup de patients mais on les suit bien et tr\u00e8s longtemps !? <b>Beno\u00eet TESSOULIN, Sandrine KATSAHIAN<\/b><\/p>\n<h3><span style=\"color: #bb64ae;\"><b>LEUC\u00c9MIE MY\u00c9LO\u00cfDE CHRONIQUE<\/b><\/span><\/h3>\n<p>QUESTIONS \u00c0 UN EXPERT :\u00a0Fran\u00e7oise HUGUET<b><\/b><\/p>\n<h3><span style=\"color: #bb64ae;\"><b>FOCUS STATISTIQUES G\u00c9N\u00c9RAUX<\/b><\/span><\/h3>\n<p><b><\/b>\u00ab For\u00eat al\u00e9atoire et for\u00eat al\u00e9atoire pour la survie \u00bb <b>Audrey LAVENU<br \/>\n<\/b>Le score de propension dans l\u2019estimation de l\u2019effet traitement <b>Sandrine KATSAHIAN\u00a0<\/b><\/p>\n<\/div><\/div><\/div><\/div><\/div>","protected":false},"excerpt":{"rendered":"","protected":false},"author":2,"featured_media":0,"parent":0,"menu_order":0,"comment_status":"closed","ping_status":"closed","template":"","meta":{"_monsterinsights_skip_tracking":false,"_monsterinsights_sitenote_active":false,"_monsterinsights_sitenote_note":"","_monsterinsights_sitenote_category":0,"_uf_show_specific_survey":0,"_uf_disable_surveys":false,"footnotes":""},"class_list":["post-14202","page","type-page","status-publish","hentry"],"aioseo_notices":[],"_links":{"self":[{"href":"https:\/\/www.hematostat.net\/en\/wp-json\/wp\/v2\/pages\/14202","targetHints":{"allow":["GET"]}}],"collection":[{"href":"https:\/\/www.hematostat.net\/en\/wp-json\/wp\/v2\/pages"}],"about":[{"href":"https:\/\/www.hematostat.net\/en\/wp-json\/wp\/v2\/types\/page"}],"author":[{"embeddable":true,"href":"https:\/\/www.hematostat.net\/en\/wp-json\/wp\/v2\/users\/2"}],"replies":[{"embeddable":true,"href":"https:\/\/www.hematostat.net\/en\/wp-json\/wp\/v2\/comments?post=14202"}],"version-history":[{"count":1,"href":"https:\/\/www.hematostat.net\/en\/wp-json\/wp\/v2\/pages\/14202\/revisions"}],"predecessor-version":[{"id":17328,"href":"https:\/\/www.hematostat.net\/en\/wp-json\/wp\/v2\/pages\/14202\/revisions\/17328"}],"wp:attachment":[{"href":"https:\/\/www.hematostat.net\/en\/wp-json\/wp\/v2\/media?parent=14202"}],"curies":[{"name":"wp","href":"https:\/\/api.w.org\/{rel}","templated":true}]}}