{"id":14831,"date":"2021-05-01T14:41:58","date_gmt":"2021-05-01T12:41:58","guid":{"rendered":"https:\/\/convergences.online\/hemato\/?page_id=14831"},"modified":"2024-04-19T13:36:39","modified_gmt":"2024-04-19T11:36:39","slug":"mentions-legales-et-politique-de-confidentialite","status":"publish","type":"page","link":"https:\/\/www.hematostat.net\/en\/mentions-legales-et-politique-de-confidentialite\/","title":{"rendered":"Mentions l\u00e9gales"},"content":{"rendered":"<div class=\"fusion-fullwidth fullwidth-box fusion-builder-row-1 fusion-flex-container nonhundred-percent-fullwidth non-hundred-percent-height-scrolling\" style=\"--awb-border-radius-top-left:0px;--awb-border-radius-top-right:0px;--awb-border-radius-bottom-right:0px;--awb-border-radius-bottom-left:0px;--awb-flex-wrap:wrap;\" ><div class=\"fusion-builder-row fusion-row fusion-flex-align-items-flex-start fusion-flex-content-wrap\" style=\"max-width:1302px;margin-left: calc(-5% \/ 2 );margin-right: calc(-5% \/ 2 );\"><div class=\"fusion-layout-column fusion_builder_column fusion-builder-column-0 fusion_builder_column_1_1 1_1 fusion-flex-column\" style=\"--awb-bg-size:cover;--awb-width-large:100%;--awb-margin-top-large:0px;--awb-spacing-right-large:2.375%;--awb-margin-bottom-large:0px;--awb-spacing-left-large:2.375%;--awb-width-medium:100%;--awb-order-medium:0;--awb-spacing-right-medium:2.375%;--awb-spacing-left-medium:2.375%;--awb-width-small:100%;--awb-order-small:0;--awb-spacing-right-small:2.375%;--awb-spacing-left-small:2.375%;\"><div class=\"fusion-column-wrapper fusion-column-has-shadow fusion-flex-justify-content-flex-start fusion-content-layout-column\"><div class=\"fusion-text fusion-text-1\"><p><strong> <\/strong>La soci\u00e9t\u00e9 Intercom Sant\u00e9, soucieuse des droits des individus, notamment au regard des traitements automatis\u00e9s et dans une volont\u00e9 de transparence avec ses clients, a mis en place une politique reprenant l\u2019ensemble de ces traitements, des finalit\u00e9s poursuivies par ces derniers ainsi que des moyens d\u2019actions \u00e0 la disposition des individus afin qu\u2019ils puissent au mieux exercer leurs droits.<\/p>\n<p>Pour toute information compl\u00e9mentaire sur la protection des donn\u00e9es personnelles, nous vous invitons \u00e0 consulter le site : <a href=\"https:\/\/www.cnil.fr\/\">https:\/\/www.cnil.fr\/<\/a><\/p>\n<p>La poursuite de la navigation sur ce site vaut acceptation sans r\u00e9serve des dispositions et conditions d&#8217;utilisation qui suivent.<\/p>\n<p>La version actuellement en ligne de ces conditions d&#8217;utilisation est la seule opposable pendant toute la dur\u00e9e d&#8217;utilisation du site et jusqu&#8217;\u00e0 ce qu&#8217;une nouvelle version la remplace.<\/p>\n<h3><strong>Mentions l\u00e9gales<\/strong><\/h3>\n<p><u>1.1 Site (ci-apr\u00e8s \u00ab le site \u00bb)<\/u> :<\/p>\n<p>HematoStat.net<\/p>\n<p><u>1.2 \u00c9diteur (ci-apr\u00e8s \u00ab l&#8217;\u00e9diteur \u00bb)<\/u> :<\/p>\n<p>Intercom Sant\u00e9, SASU au capital de 5 000 \u20ac<\/p>\n<p>dont le si\u00e8ge social est situ\u00e9 : 2 rue de Penthi\u00e8vre &#8211; 75008 Paris<\/p>\n<p>repr\u00e9sent\u00e9e par Pascale Raoul, en sa qualit\u00e9 de Pr\u00e9sident<\/p>\n<p>immatricul\u00e9e au RCS de Nanterre 500641345<\/p>\n<p>n\u00b0 de t\u00e9l\u00e9phone : 0147423275<\/p>\n<p>adresse mail : intercom@intercomsante.fr<\/p>\n<p><u>1.3 H\u00e9bergeur (ci-apr\u00e8s \u00ab l&#8217;h\u00e9bergeur \u00bb)<\/u> :<\/p>\n<p>HematoStat.net est h\u00e9berg\u00e9 par OVH.<\/p>\n<h4><\/h4>\n<h3><strong>Comit\u00e9s<\/strong><\/h3>\n<div class=\"panel-heading\">\n<p class=\"panel-title toggle\"><strong><span class=\"fusion-toggle-heading\">Directeur de la publication<br \/>\n<\/span><\/strong>Pascale RAOUL (Paris)<\/p>\n<p><strong>Comit\u00e9 \u00e9ditorial<br \/>\n<\/strong><\/p>\n<p><strong>H\u00e9matologie g\u00e9n\u00e9rale :<br \/>\n<\/strong>Lin-Pierre ZHAO, Paris.<\/p>\n<p><strong>H\u00e9mostase : <\/strong><br \/>\nAur\u00e9lien LEBRETON, Clermont-Ferrand.<\/p>\n<p><strong>Leuc\u00e9mies aigu\u00ebs (LAL\/LAM) :<br \/>\n<\/strong>Sylvain CHANTEPIE, Caen.<\/p>\n<p><strong>Leuc\u00e9mie Lympho\u00efde Chronique (LLC)<\/strong> :<br \/>\nVincent LEVY, Bobigny.<br \/>C\u00e9cile TOMOWIAK, Poitiers.<\/p>\n<p><strong>Lymphomes (LH, LNH)<\/strong> :<br \/>\nBaptiste DELAPIERRE, Caen.<br \/>Beno\u00eet TESSOULIN, Nantes.<\/p>\n<p><strong>My\u00e9lomes Multiple (MM) :<br \/>\n<\/strong>Sophie LEGRAND, Toulouse.<br \/>\nAurore PERROT, Toulouse.<\/p>\n<p><strong>Syndromes my\u00e9lodysplasiques<\/strong><strong> (SMD)<\/strong> :<br \/>\nEmmanuel GYAN, Tours.<\/p>\n<p><strong>Biostatistiques :<br \/>\n<\/strong>Vincent LEVY, Bobigny.<br \/>\nSt\u00e9phane MORISSET, Lyon.<br \/>Nanthara SRITHARAN, Bobigny.<\/p>\n<p><strong> <\/strong><\/p>\n<\/div>\n<h3><strong>Acc\u00e8s au site<\/strong><\/h3>\n<p>L&#8217;acc\u00e8s au site et son utilisation sont r\u00e9serv\u00e9s \u00e0 un usage strictement personnel. Vous vous engagez \u00e0 ne pas utiliser ce site et les informations ou donn\u00e9es qui y figurent \u00e0 des fins commerciales, politiques, publicitaires et pour toute forme de sollicitation commerciale et notamment l&#8217;envoi de courriers \u00e9lectroniques non sollicit\u00e9s.<\/p>\n<h3><strong> <\/strong><\/h3>\n<h3><strong>Contenu du site<\/strong><\/h3>\n<p>Toutes les marques, photographies, textes, commentaires, illustrations, images anim\u00e9es ou non, s\u00e9quences vid\u00e9o, sons, ainsi que toutes les applications informatiques qui pourraient \u00eatre utilis\u00e9es pour faire fonctionner ce site et plus g\u00e9n\u00e9ralement tous les \u00e9l\u00e9ments reproduits ou utilis\u00e9s sur le site sont prot\u00e9g\u00e9s par les lois en vigueur au titre de la propri\u00e9t\u00e9 intellectuelle.<\/p>\n<p>Ils sont la propri\u00e9t\u00e9 pleine et enti\u00e8re de l&#8217;\u00e9diteur ou de ses partenaires. Toute reproduction, repr\u00e9sentation, utilisation ou adaptation, sous quelque forme que ce soit, de tout ou partie de ces \u00e9l\u00e9ments, y compris les applications informatiques, sans l&#8217;accord pr\u00e9alable et \u00e9crit de l&#8217;\u00e9diteur, sont strictement interdites. Le fait pour l&#8217;\u00e9diteur de ne pas engager de proc\u00e9dure d\u00e8s la prise de connaissance de ces utilisations non autoris\u00e9es ne vaut pas acceptation desdites utilisations et renonciation aux poursuites.<\/p>\n<h3><strong> Gestion du site<\/strong><\/h3>\n<p>Pour la bonne gestion du site, l&#8217;\u00e9diteur pourra \u00e0 tout moment :<\/p>\n<p>&#8211;  suspendre, interrompre ou limiter l&#8217;acc\u00e8s \u00e0 tout ou partie du site, r\u00e9server l&#8217;acc\u00e8s au site, ou \u00e0 certaines parties du site, \u00e0 une cat\u00e9gorie d\u00e9termin\u00e9e d&#8217;internautes ;<\/p>\n<p>&#8211;  supprimer toute information pouvant en perturber le fonctionnement ou entrant en contravention avec les lois nationales ou internationales ;<\/p>\n<p>&#8211;  suspendre le site afin de proc\u00e9der \u00e0 des mises \u00e0 jour.<\/p>\n<h3><strong>Responsabilit\u00e9s<\/strong><\/h3>\n<p>La responsabilit\u00e9 de l&#8217;\u00e9diteur ne peut \u00eatre engag\u00e9e en cas de d\u00e9faillance, panne, difficult\u00e9 ou interruption de fonctionnement, emp\u00eachant l&#8217;acc\u00e8s au site ou \u00e0 une de ses fonctionnalit\u00e9s.<\/p>\n<p>Le mat\u00e9riel de connexion au site que vous utilisez est sous votre enti\u00e8re responsabilit\u00e9. Vous devez prendre toutes les mesures appropri\u00e9es pour prot\u00e9ger votre mat\u00e9riel et vos propres donn\u00e9es notamment d&#8217;attaques virales par Internet. Vous \u00eates par ailleurs seul responsable des sites et donn\u00e9es que vous consultez.<\/p>\n<p>L&#8217;\u00e9diteur ne pourra \u00eatre tenu responsable en cas de poursuites judiciaires \u00e0 votre encontre :<\/p>\n<p>&#8211;  du fait de l&#8217;usage du site ou de tout service accessible via Internet ;<\/p>\n<p>&#8211;  du fait du non-respect par vous des pr\u00e9sentes conditions g\u00e9n\u00e9rales.<\/p>\n<p>L&#8217;\u00e9diteur n&#8217;est pas responsable des dommages caus\u00e9s \u00e0 vous-m\u00eame, \u00e0 des tiers et\/ou \u00e0 votre \u00e9quipement du fait de votre connexion ou de votre utilisation du site et vous renoncez \u00e0 toute action contre lui de ce fait.<\/p>\n<p>Si l&#8217;\u00e9diteur venait \u00e0 faire l&#8217;objet d&#8217;une proc\u00e9dure amiable ou judiciaire en raison de votre utilisation du site, il pourra se retourner contre vous pour obtenir l&#8217;indemnisation de tous les pr\u00e9judices, sommes, condamnations et frais qui pourraient d\u00e9couler de cette proc\u00e9dure.<\/p>\n<h3><strong>Liens hypertextes<br \/>\n<\/strong><\/h3>\n<p>La mise en place par les utilisateurs de tous liens hypertextes vers tout ou partie du site est autoris\u00e9e par l&#8217;\u00e9diteur. Tout lien devra \u00eatre retir\u00e9 sur simple demande de l&#8217;\u00e9diteur.<\/p>\n<p>Toute information accessible via un lien vers d&#8217;autres sites n&#8217;est pas publi\u00e9e par l&#8217;\u00e9diteur. L&#8217;\u00e9diteur ne dispose d&#8217;aucun droit sur le contenu pr\u00e9sent dans ledit lien.<\/p>\n<\/div><\/div><\/div><\/div><\/div>","protected":false},"excerpt":{"rendered":"","protected":false},"author":2,"featured_media":0,"parent":0,"menu_order":0,"comment_status":"closed","ping_status":"closed","template":"","meta":{"_monsterinsights_skip_tracking":false,"_monsterinsights_sitenote_active":false,"_monsterinsights_sitenote_note":"","_monsterinsights_sitenote_category":0,"_uf_show_specific_survey":0,"_uf_disable_surveys":false,"footnotes":""},"class_list":["post-14831","page","type-page","status-publish","hentry"],"aioseo_notices":[],"_links":{"self":[{"href":"https:\/\/www.hematostat.net\/en\/wp-json\/wp\/v2\/pages\/14831","targetHints":{"allow":["GET"]}}],"collection":[{"href":"https:\/\/www.hematostat.net\/en\/wp-json\/wp\/v2\/pages"}],"about":[{"href":"https:\/\/www.hematostat.net\/en\/wp-json\/wp\/v2\/types\/page"}],"author":[{"embeddable":true,"href":"https:\/\/www.hematostat.net\/en\/wp-json\/wp\/v2\/users\/2"}],"replies":[{"embeddable":true,"href":"https:\/\/www.hematostat.net\/en\/wp-json\/wp\/v2\/comments?post=14831"}],"version-history":[{"count":3,"href":"https:\/\/www.hematostat.net\/en\/wp-json\/wp\/v2\/pages\/14831\/revisions"}],"predecessor-version":[{"id":18011,"href":"https:\/\/www.hematostat.net\/en\/wp-json\/wp\/v2\/pages\/14831\/revisions\/18011"}],"wp:attachment":[{"href":"https:\/\/www.hematostat.net\/en\/wp-json\/wp\/v2\/media?parent=14831"}],"curies":[{"name":"wp","href":"https:\/\/api.w.org\/{rel}","templated":true}]}}