{"id":14907,"date":"2021-05-05T17:03:01","date_gmt":"2021-05-05T15:03:01","guid":{"rendered":"https:\/\/convergences.online\/hemato\/?page_id=14907"},"modified":"2024-01-05T14:26:48","modified_gmt":"2024-01-05T13:26:48","slug":"ash-2020","status":"publish","type":"page","link":"https:\/\/www.hematostat.net\/en\/ash-2020\/","title":{"rendered":"ASH 2020"},"content":{"rendered":"<div class=\"fusion-fullwidth fullwidth-box fusion-builder-row-1 fusion-flex-container nonhundred-percent-fullwidth non-hundred-percent-height-scrolling\" style=\"--awb-border-radius-top-left:0px;--awb-border-radius-top-right:0px;--awb-border-radius-bottom-right:0px;--awb-border-radius-bottom-left:0px;--awb-flex-wrap:wrap;\" ><div class=\"fusion-builder-row fusion-row fusion-flex-align-items-flex-start fusion-flex-content-wrap\" style=\"max-width:1302px;margin-left: calc(-5% \/ 2 );margin-right: calc(-5% \/ 2 );\"><div class=\"fusion-layout-column fusion_builder_column fusion-builder-column-0 fusion_builder_column_1_2 1_2 fusion-flex-column\" style=\"--awb-bg-size:cover;--awb-width-large:50%;--awb-margin-top-large:0px;--awb-spacing-right-large:4.75%;--awb-margin-bottom-large:0px;--awb-spacing-left-large:4.75%;--awb-width-medium:50%;--awb-order-medium:0;--awb-spacing-right-medium:4.75%;--awb-spacing-left-medium:4.75%;--awb-width-small:100%;--awb-order-small:0;--awb-spacing-right-small:2.375%;--awb-spacing-left-small:2.375%;\"><div class=\"fusion-column-wrapper fusion-column-has-shadow fusion-flex-justify-content-flex-start fusion-content-layout-column\"><div class=\"fusion-image-element\" style=\"text-align:center;--awb-margin-right:15%;--awb-margin-bottom:10%;--awb-margin-left:15%;--awb-caption-title-font-family:var(--h2_typography-font-family);--awb-caption-title-font-weight:var(--h2_typography-font-weight);--awb-caption-title-font-style:var(--h2_typography-font-style);--awb-caption-title-size:var(--h2_typography-font-size);--awb-caption-title-transform:var(--h2_typography-text-transform);--awb-caption-title-line-height:var(--h2_typography-line-height);--awb-caption-title-letter-spacing:var(--h2_typography-letter-spacing);\"><span class=\"fusion-imageframe imageframe-glow imageframe-1 hover-type-none\" style=\"-webkit-box-shadow: 0 0 3px var(--awb-color7);box-shadow: 0 0 3px var(--awb-color7);\"><img decoding=\"async\" src=\"data:image\/gif;base64,R0lGODlhAQABAAAAACH5BAEKAAEALAAAAAABAAEAAAICTAEAOw==\" data-orig-src=\"https:\/\/convergences.online\/wp-content\/uploads\/sites\/2\/2021\/05\/Capture-decran-2021-05-05-a-16.51.49.png\" alt class=\"lazyload img-responsive\"\/><\/span><\/div><div class=\"fusion-text fusion-text-1\"><p style=\"text-align: center;\"><strong>[3d-flip-book mode=&#8221;link-lightbox&#8221; id=&#8221;14910&#8243; lightbox=&#8221;dark&#8221;]Voir le num\u00e9ro complet[\/3d-flip-book]<\/strong><\/p>\n<\/div><\/div><\/div><div class=\"fusion-layout-column fusion_builder_column fusion-builder-column-1 fusion_builder_column_1_2 1_2 fusion-flex-column\" style=\"--awb-bg-size:cover;--awb-width-large:50%;--awb-margin-top-large:0px;--awb-spacing-right-large:4.75%;--awb-margin-bottom-large:0px;--awb-spacing-left-large:4.75%;--awb-width-medium:50%;--awb-order-medium:0;--awb-spacing-right-medium:4.75%;--awb-spacing-left-medium:4.75%;--awb-width-small:100%;--awb-order-small:0;--awb-spacing-right-small:2.375%;--awb-spacing-left-small:2.375%;\"><div class=\"fusion-column-wrapper fusion-column-has-shadow fusion-flex-justify-content-flex-start fusion-content-layout-column\"><div class=\"fusion-text fusion-text-2\"><p>Avant-propos<\/p>\n<h3><span style=\"color: #bb64ae;\">LEUC\u00c9MIE LYMPHO\u00cfDE CHRONIQUE (LLC)<\/span><\/h3>\n<p>Ibrutinib en 1\u00e8re ligne apr\u00e8s 12 mois d\u2019association avec le\u00a0v\u00e9n\u00e9toclax : stop ou encore ?\u00a0<strong>Luc-Matthieu FORNECKER, Vincent L\u00c9VY<br \/>\n<\/strong>Traitements de dur\u00e9e fixe ou traitements continus en 1\u00e8re ligne\u00a0dans la leuc\u00e9mie lympho\u00efde chronique : comment choisir ?\u00a0<strong>Luc-Matthieu FORNECKER, Vincent L\u00c9VY<br \/>\n<\/strong>Arr\u00eat ou diminution de dose de l\u2019ibrutinib : qu\u2019en est-il en\u00a0pratique ?\u00a0<strong>Luc-Matthieu FORNECKER, Vincent L\u00c9VY<br \/>\n<\/strong>Les alt\u00e9rations de la voie p53 ont-elles encore un impact\u00a0pronostique en 1\u00e8re ligne sous traitement par ibrutinib ?\u00a0<strong>Luc-Matthieu FORNECKER, Vincent L\u00c9VY<\/strong><\/p>\n<h3><span style=\"color: #bb64ae;\">SYNDROMES MY\u00c9LODYSPLASIQUES<\/span><\/h3>\n<p>MDS de haut risque : la greffe pour tous !\u00a0<strong>Emmanuel GYAN, J\u00e9r\u00f4me LAMBERT<\/strong><br \/>\nEssai DACOTA dans la LMMC : la difficile conqu\u00eate de la survie\u00a0<strong>Emmanuel GYAN, J\u00e9r\u00f4me LAMBERT<\/strong><br \/>\nTraitements hypom\u00e9thylants dans les SMD de haut risque : la\u00a0r\u00e9ponse dans la machine ?\u00a0<strong>Emmanuel GYAN, J\u00e9r\u00f4me LAMBERT<\/strong><br \/>\nL\u00e9nalidomide dans les MDS avec del(5q) : le plus t\u00f4t c\u2019est le\u00a0mieux !\u00a0<strong>Emmanuel GYAN, J\u00e9r\u00f4me LAMBERT<\/strong><\/p>\n<h3><span style=\"color: #bb64ae;\">LEUC\u00c9MIES AIGU\u00cbS<\/span><\/h3>\n<p>Une simple ou une double pour votre induction ?\u00a0<strong>\u00c9tienne LENGLINE, J\u00e9r\u00f4me LAMBERT<\/strong><br \/>\nL\u2019enasidenib \u00e0 la recherche de synergie\u00a0<strong>\u00c9tienne LENGLINE, J\u00e9r\u00f4me LAMBERT<\/strong><br \/>\nUn traitement anti-CD19 peut en cacher un autre<strong>\u00a0\u00c9tienne LENGLINE, J\u00e9r\u00f4me LAMBERT<\/strong><br \/>\nLe laboratoire de cytologie bient\u00f4t remplac\u00e9 par des robots ?\u00a0<strong>\u00c9tienne LENGLINE, J\u00e9r\u00f4me LAMBERT<\/strong><b><\/b><\/p>\n<h3><span style=\"color: #bb64ae;\">MY\u00c9LOME MULTIPLE<\/span><\/h3>\n<p>GRIFFIN : une nouvelle quadruplette en induction\u00a0<strong>Titouan CAZAUBIEL, Aurore PERROT, Audrey LAVENU<br \/>\n<\/strong>Autogreffe dans le my\u00e9lome : la Vieille Dame toujours d\u2019actualit\u00e9\u00a0<strong>Titouan CAZAUBIEL, Aurore PERROT, Audrey LAVENU<br \/>\n<\/strong>EMN02\/HO95 : consolidons la premi\u00e8re ligne !<strong>\u00a0Titouan CAZAUBIEL, Aurore PERROT, Audrey LAVENU<br \/>\n<\/strong>Isatuximab-Carfilzomib-Dexam\u00e9thasone : un potentiel nouveau standard\u00a0<strong>Titouan CAZAUBIEL, Aurore PERROT, Audrey LAVENU<\/strong><\/p>\n<h3><span style=\"color: #bb64ae;\">LES LYMPHOMES<\/span><\/h3>\n<p>Le pouvoir pr\u00e9dictif de la MRD dans le manteau\u00a0<strong>J\u00e9r\u00f4me PAILLASSA, Audrey LAVENU<\/strong><br \/>\nPassion tricho\u00a0<strong>J\u00e9r\u00f4me PAILLASSA, Audrey LAVENU<\/strong><br \/>\nConfirmation des b\u00e9n\u00e9fices d\u2019une strat\u00e9gie guid\u00e9e par le TEP-scanner dans le Hodgkin<strong>\u00a0J\u00e9r\u00f4me PAILLASSA, Audrey LAVENU<br \/>\n<\/strong>Lymphomes folliculaires et de la zone marginale : d\u00e9sormais les CAR T en main !\u00a0<strong>J\u00e9r\u00f4me PAILLASSA, Audrey LAVENU<br \/>\n<\/strong>La mode IPI<strong>\u00a0J\u00e9r\u00f4me PAILLASSA, Audrey LAVENU<\/strong><\/p>\n<h3><span style=\"color: #bb64ae;\">FOCUS STATISTIQUES G\u00c9N\u00c9RAUX<\/span><\/h3>\n<p>Traitement a sup\u00e9rieur \u00e0 b, traitement a non inf\u00e9rieur \u00e0 b, mais de quoi s\u2019agit-il ?\u00a0<strong>Audrey LAVENU<\/strong><br \/>\nUn nouveau score de risque, comment le valider ?\u00a0<strong>Audrey LAVENU<\/strong><br \/>\nTest d\u2019hypoth\u00e8se \u2013 hypoth\u00e8ses nulle-hypoth\u00e8se\u00a0<strong>Vincent L\u00c9VY<\/strong><\/p>\n<\/div><\/div><\/div><\/div><\/div>","protected":false},"excerpt":{"rendered":"","protected":false},"author":2,"featured_media":0,"parent":0,"menu_order":0,"comment_status":"closed","ping_status":"closed","template":"","meta":{"_monsterinsights_skip_tracking":false,"_monsterinsights_sitenote_active":false,"_monsterinsights_sitenote_note":"","_monsterinsights_sitenote_category":0,"_uf_show_specific_survey":0,"_uf_disable_surveys":false,"footnotes":""},"class_list":["post-14907","page","type-page","status-publish","hentry"],"aioseo_notices":[],"_links":{"self":[{"href":"https:\/\/www.hematostat.net\/en\/wp-json\/wp\/v2\/pages\/14907","targetHints":{"allow":["GET"]}}],"collection":[{"href":"https:\/\/www.hematostat.net\/en\/wp-json\/wp\/v2\/pages"}],"about":[{"href":"https:\/\/www.hematostat.net\/en\/wp-json\/wp\/v2\/types\/page"}],"author":[{"embeddable":true,"href":"https:\/\/www.hematostat.net\/en\/wp-json\/wp\/v2\/users\/2"}],"replies":[{"embeddable":true,"href":"https:\/\/www.hematostat.net\/en\/wp-json\/wp\/v2\/comments?post=14907"}],"version-history":[{"count":1,"href":"https:\/\/www.hematostat.net\/en\/wp-json\/wp\/v2\/pages\/14907\/revisions"}],"predecessor-version":[{"id":17316,"href":"https:\/\/www.hematostat.net\/en\/wp-json\/wp\/v2\/pages\/14907\/revisions\/17316"}],"wp:attachment":[{"href":"https:\/\/www.hematostat.net\/en\/wp-json\/wp\/v2\/media?parent=14907"}],"curies":[{"name":"wp","href":"https:\/\/api.w.org\/{rel}","templated":true}]}}