{"id":16855,"date":"2023-06-04T22:23:43","date_gmt":"2023-06-04T20:23:43","guid":{"rendered":"http:\/\/www.hematostat.net\/?page_id=16855"},"modified":"2024-01-05T14:26:49","modified_gmt":"2024-01-05T13:26:49","slug":"questions-a-un-expert","status":"publish","type":"page","link":"https:\/\/www.hematostat.net\/en\/questions-a-un-expert\/","title":{"rendered":"Questions \u00e0 un Expert"},"content":{"rendered":"<div class=\"fusion-fullwidth fullwidth-box fusion-builder-row-1 fusion-flex-container nonhundred-percent-fullwidth non-hundred-percent-height-scrolling\" style=\"--awb-border-radius-top-left:0px;--awb-border-radius-top-right:0px;--awb-border-radius-bottom-right:0px;--awb-border-radius-bottom-left:0px;--awb-flex-wrap:wrap;\" ><div class=\"fusion-builder-row fusion-row fusion-flex-align-items-flex-start fusion-flex-content-wrap\" style=\"max-width:1302px;margin-left: calc(-5% \/ 2 );margin-right: calc(-5% \/ 2 );\"><div class=\"fusion-layout-column fusion_builder_column fusion-builder-column-0 fusion_builder_column_1_1 1_1 fusion-flex-column\" style=\"--awb-bg-size:cover;--awb-width-large:100%;--awb-margin-top-large:0px;--awb-spacing-right-large:2.375%;--awb-margin-bottom-large:0px;--awb-spacing-left-large:2.375%;--awb-width-medium:100%;--awb-spacing-right-medium:2.375%;--awb-spacing-left-medium:2.375%;--awb-width-small:100%;--awb-spacing-right-small:2.375%;--awb-spacing-left-small:2.375%;\"><div class=\"fusion-column-wrapper fusion-flex-justify-content-flex-start fusion-content-layout-column\"><div class=\"fusion-text fusion-text-1\"><p style=\"text-align: center;\"><a href=\"http:\/\/www.hematostat.net\/index.php\/connexion-inscriptions\/\">Pour poser votre question, vous devez vous inscrire (inscription gratuite)<\/a><\/p>\n<p style=\"text-align: center;\"><a href=\"http:\/\/www.hematostat.net\/index.php\/connexion-inscriptions\/\">D\u00e9j\u00e0 inscrit, connectez-vous et poser votre question en remplissant le formulaire<\/a><\/p>\n<p style=\"text-align: center;\"><a href=\"http:\/\/www.hematostat.net\/index.php\/faq\/\"><strong>Pour consulter les FAQ<\/strong><\/a><\/p>\n<\/div><div class=\"fusion-form fusion-form-builder fusion-form-form-wrapper fusion-form-16867\" style=\"--awb-tooltip-text-color:#ffffff;--awb-tooltip-background-color:#333333;\" data-form-id=\"16867\" data-config=\"{&quot;form_id&quot;:&quot;16867&quot;,&quot;form_post_id&quot;:&quot;16867&quot;,&quot;post_id&quot;:16855,&quot;form_type&quot;:&quot;ajax&quot;,&quot;confirmation_type&quot;:&quot;message&quot;,&quot;redirect_url&quot;:&quot;&quot;,&quot;field_labels&quot;:{&quot;nom&quot;:&quot;Nom&quot;,&quot;email&quot;:&quot;E-mail&quot;,&quot;pr\\u00e9nom&quot;:&quot;Pr\\u00e9nom&quot;,&quot;confidentialite&quot;:&quot;Confidentialit\\u00e9&quot;,&quot;messagequestions&quot;:&quot;Message\\\/question&quot;},&quot;field_logics&quot;:{&quot;nom&quot;:&quot;&quot;,&quot;email&quot;:&quot;&quot;,&quot;pr\\u00e9nom&quot;:&quot;&quot;,&quot;confidentialite&quot;:&quot;&quot;,&quot;messagequestions&quot;:&quot;&quot;},&quot;field_types&quot;:{&quot;nom&quot;:&quot;text&quot;,&quot;email&quot;:&quot;text&quot;,&quot;pr\\u00e9nom&quot;:&quot;text&quot;,&quot;confidentialite&quot;:&quot;consent&quot;,&quot;messagequestions&quot;:&quot;textarea&quot;,&quot;submit_1&quot;:&quot;submit&quot;},&quot;nonce_method&quot;:&quot;ajax&quot;}\"><form action=\"https:\/\/www.hematostat.net\/en\/questions-a-un-expert\/\" method=\"post\" class=\"fusion-form fusion-form-16867\" data-trp-original-action=\"https:\/\/www.hematostat.net\/en\/questions-a-un-expert\/\"><div class=\"fusion-fullwidth fullwidth-box fusion-builder-row-1-1 fusion-flex-container has-pattern-background has-mask-background nonhundred-percent-fullwidth non-hundred-percent-height-scrolling\" style=\"--awb-border-radius-top-left:0px;--awb-border-radius-top-right:0px;--awb-border-radius-bottom-right:0px;--awb-border-radius-bottom-left:0px;--awb-flex-wrap:wrap;\" ><div class=\"fusion-builder-row fusion-row fusion-flex-align-items-flex-start fusion-flex-content-wrap\" style=\"width:105% !important;max-width:105% !important;margin-left: calc(-5% \/ 2 );margin-right: calc(-5% \/ 2 );\"><div class=\"fusion-layout-column fusion_builder_column fusion-builder-column-1 fusion_builder_column_1_1 1_1 fusion-flex-column\" style=\"--awb-bg-size:cover;--awb-width-large:100%;--awb-margin-top-large:0px;--awb-spacing-right-large:2.375%;--awb-margin-bottom-large:0px;--awb-spacing-left-large:2.375%;--awb-width-medium:100%;--awb-order-medium:0;--awb-spacing-right-medium:2.375%;--awb-spacing-left-medium:2.375%;--awb-width-small:100%;--awb-order-small:0;--awb-spacing-right-small:2.375%;--awb-spacing-left-small:2.375%;\"><div class=\"fusion-column-wrapper fusion-column-has-shadow fusion-flex-justify-content-flex-start fusion-content-layout-column\"><div class=\"fusion-builder-row fusion-builder-row-inner fusion-row fusion-flex-align-items-flex-start fusion-flex-content-wrap\" style=\"width:105% !important;max-width:105% !important;margin-left: calc(-5% \/ 2 );margin-right: calc(-5% \/ 2 );\"><div class=\"fusion-layout-column fusion_builder_column_inner fusion-builder-nested-column-0 fusion_builder_column_inner_1_2 1_2 fusion-flex-column\" style=\"--awb-bg-size:cover;--awb-width-large:50%;--awb-margin-top-large:0px;--awb-spacing-right-large:4.75%;--awb-margin-bottom-large:0px;--awb-spacing-left-large:4.75%;--awb-width-medium:50%;--awb-order-medium:0;--awb-spacing-right-medium:4.75%;--awb-spacing-left-medium:4.75%;--awb-width-small:100%;--awb-order-small:0;--awb-spacing-right-small:2.375%;--awb-spacing-left-small:2.375%;\"><div class=\"fusion-column-wrapper fusion-column-has-shadow fusion-flex-justify-content-flex-start fusion-content-layout-column\"><div class=\"fusion-form-field fusion-form-text-field fusion-form-label-above\" style=\"\" data-form-id=\"16867\"><div class=\"fusion-form-label-wrapper\"><label for=\"nom\">Nom <abbr class=\"fusion-form-element-required\" title=\"required\">*<\/abbr><\/label><\/div><input type=\"text\" name=\"nom\" id=\"nom\" value=\"\"  class=\"fusion-form-input\" required=\"true\" aria-required=\"true\" data-holds-private-data=\"false\" minlength=\"0\"\/><\/div><div class=\"fusion-form-field fusion-form-text-field fusion-form-label-above\" style=\"\" data-form-id=\"16867\"><div class=\"fusion-form-label-wrapper\"><label for=\"email\">E-mail <abbr class=\"fusion-form-element-required\" title=\"required\">*<\/abbr><\/label><\/div><input type=\"text\" name=\"email\" id=\"email\" value=\"\"  class=\"fusion-form-input\" required=\"true\" aria-required=\"true\" data-holds-private-data=\"false\" minlength=\"0\"\/><\/div><\/div><\/div><div class=\"fusion-layout-column fusion_builder_column_inner fusion-builder-nested-column-1 fusion_builder_column_inner_1_2 1_2 fusion-flex-column\" style=\"--awb-bg-size:cover;--awb-width-large:50%;--awb-margin-top-large:0px;--awb-spacing-right-large:4.75%;--awb-margin-bottom-large:0px;--awb-spacing-left-large:4.75%;--awb-width-medium:50%;--awb-order-medium:0;--awb-spacing-right-medium:4.75%;--awb-spacing-left-medium:4.75%;--awb-width-small:100%;--awb-order-small:0;--awb-spacing-right-small:2.375%;--awb-spacing-left-small:2.375%;\"><div class=\"fusion-column-wrapper fusion-column-has-shadow fusion-flex-justify-content-flex-start fusion-content-layout-column\"><div class=\"fusion-form-field fusion-form-text-field fusion-form-label-above\" style=\"\" data-form-id=\"16867\"><div class=\"fusion-form-label-wrapper\"><label for=\"pr\u00e9nom\">Pr\u00e9nom <abbr class=\"fusion-form-element-required\" title=\"required\">*<\/abbr><\/label><\/div><input type=\"text\" name=\"pr\u00e9nom\" id=\"pr\u00e9nom\" value=\"\"  class=\"fusion-form-input\" required=\"true\" aria-required=\"true\" data-holds-private-data=\"false\" minlength=\"0\"\/><\/div><\/div><\/div><\/div><div class=\"fusion-form-field fusion-form-consent-field fusion-form-label-above\" style=\"\" data-form-id=\"16867\"><div class=\"fusion-form-label-wrapper\"><label for=\"confidentialite\">Confidentialit\u00e9 <abbr class=\"fusion-form-element-required\" title=\"required\">*<\/abbr><\/label><\/div><div class=\"fusion-form-checkbox option-inline\"><input tabindex=\"\" id=\"confidentialite\" type=\"checkbox\" value=\"1\" name=\"confidentialite\" class=\"fusion-form-input\" required=\"true\" aria-required=\"true\"\/><label for=\"confidentialite\">En soumettant ce formulaire, vous acceptez que les informations saisies soient trait\u00e9es pour permettre de vous recontacter. Pour conna\u00eetre et exercer vos droits, notamment de retrait de votre consentement \u00e0 l'utilisation des donn\u00e9es collect\u00e9es par ce formulaire, veuillez consulter notre politique de confidentialit\u00e9.<\/label><\/div><\/div><div class=\"fusion-form-field fusion-form-textarea-field fusion-form-label-above\" style=\"\" data-form-id=\"16867\"><label for=\"messagequestions\">Message\/question <abbr class=\"fusion-form-element-required\" title=\"required\">*<\/abbr><\/label><textarea cols=\"40\"  minlength=\"0\"  rows=\"4\" tabindex=\"\" id=\"messagequestions\" name=\"messagequestions\" class=\"fusion-form-input\" required=\"true\" aria-required=\"true\" data-holds-private-data=\"false\"><\/textarea><\/div><div class=\"fusion-form-field fusion-form-submit-field fusion-form-label-above\" style=\"\" data-form-id=\"16867\"><div ><button type=\"submit\" class=\"fusion-button button-flat fusion-button-default-size button-default fusion-button-default button-1 fusion-button-default-span  form-form-submit button-default\" data-form-number=\"16867\" tabindex=\"\"><span class=\"fusion-button-text\">Poser ma question <\/span><\/button><\/div><\/div><\/div><\/div><\/div><\/div><input type=\"hidden\" name=\"fusion_privacy_store_ip_ua\" value=\"false\"><input type=\"hidden\" name=\"fusion_privacy_expiration_interval\" value=\"48\"><input type=\"hidden\" name=\"privacy_expiration_action\" value=\"anonymize\"><input type=\"hidden\" name=\"trp-form-language\" value=\"en\"\/><\/form><\/div><\/div><\/div><\/div><\/div>","protected":false},"excerpt":{"rendered":"","protected":false},"author":2,"featured_media":0,"parent":0,"menu_order":0,"comment_status":"closed","ping_status":"closed","template":"","meta":{"_monsterinsights_skip_tracking":false,"_monsterinsights_sitenote_active":false,"_monsterinsights_sitenote_note":"","_monsterinsights_sitenote_category":0,"_uf_show_specific_survey":0,"_uf_disable_surveys":false,"footnotes":""},"class_list":["post-16855","page","type-page","status-publish","hentry"],"aioseo_notices":[],"_links":{"self":[{"href":"https:\/\/www.hematostat.net\/en\/wp-json\/wp\/v2\/pages\/16855","targetHints":{"allow":["GET"]}}],"collection":[{"href":"https:\/\/www.hematostat.net\/en\/wp-json\/wp\/v2\/pages"}],"about":[{"href":"https:\/\/www.hematostat.net\/en\/wp-json\/wp\/v2\/types\/page"}],"author":[{"embeddable":true,"href":"https:\/\/www.hematostat.net\/en\/wp-json\/wp\/v2\/users\/2"}],"replies":[{"embeddable":true,"href":"https:\/\/www.hematostat.net\/en\/wp-json\/wp\/v2\/comments?post=16855"}],"version-history":[{"count":5,"href":"https:\/\/www.hematostat.net\/en\/wp-json\/wp\/v2\/pages\/16855\/revisions"}],"predecessor-version":[{"id":16868,"href":"https:\/\/www.hematostat.net\/en\/wp-json\/wp\/v2\/pages\/16855\/revisions\/16868"}],"wp:attachment":[{"href":"https:\/\/www.hematostat.net\/en\/wp-json\/wp\/v2\/media?parent=16855"}],"curies":[{"name":"wp","href":"https:\/\/api.w.org\/{rel}","templated":true}]}}