{"id":16886,"date":"2023-06-07T22:36:09","date_gmt":"2023-06-07T20:36:09","guid":{"rendered":"http:\/\/www.hematostat.net\/?page_id=16886"},"modified":"2024-04-25T17:11:39","modified_gmt":"2024-04-25T15:11:39","slug":"soumettre-votre-article","status":"publish","type":"page","link":"https:\/\/www.hematostat.net\/en\/soumettre-votre-article\/","title":{"rendered":"Soumettre votre article"},"content":{"rendered":"<div class=\"fusion-fullwidth fullwidth-box fusion-builder-row-1 fusion-flex-container nonhundred-percent-fullwidth non-hundred-percent-height-scrolling\" style=\"--awb-border-radius-top-left:0px;--awb-border-radius-top-right:0px;--awb-border-radius-bottom-right:0px;--awb-border-radius-bottom-left:0px;--awb-flex-wrap:wrap;\" ><div class=\"fusion-builder-row fusion-row fusion-flex-align-items-flex-start fusion-flex-content-wrap\" style=\"max-width:1302px;margin-left: calc(-5% \/ 2 );margin-right: calc(-5% \/ 2 );\"><div class=\"fusion-layout-column fusion_builder_column fusion-builder-column-0 fusion_builder_column_1_1 1_1 fusion-flex-column\" style=\"--awb-bg-size:cover;--awb-width-large:100%;--awb-margin-top-large:0px;--awb-spacing-right-large:2.375%;--awb-margin-bottom-large:0px;--awb-spacing-left-large:2.375%;--awb-width-medium:100%;--awb-spacing-right-medium:2.375%;--awb-spacing-left-medium:2.375%;--awb-width-small:100%;--awb-spacing-right-small:2.375%;--awb-spacing-left-small:2.375%;\"><div class=\"fusion-column-wrapper fusion-flex-justify-content-flex-start fusion-content-layout-column\"><div class=\"fusion-text fusion-text-1\"><h4 style=\"font-weight: 400; text-align: center;\"><strong>MODULE LECTURE CRITIQUE D&#8217;ARTICLE (LCA) <\/strong>: <strong>CLINICIENS&amp;BIOSTATISTICIENS<\/strong><\/h4>\n<h3 style=\"font-weight: 400; text-align: center;\"><u><strong style=\"\"> <\/strong><strong style=\"\">Recommandations aux auteurs : <\/strong><strong style=\"color: var(--awb-text-color); font-family: var(--awb-text-font-family); font-size: var(--awb-font-size); font-style: var(--awb-text-font-style); letter-spacing: var(--awb-letter-spacing); text-transform: var(--awb-text-transform); background-color: var(--awb-bg-color-hover);\">&#8220;L&#8217;ARTICLE A LA UNE<\/strong><strong style=\"color: var(--awb-text-color); font-family: var(--awb-text-font-family); font-size: var(--awb-font-size); font-style: var(--awb-text-font-style); letter-spacing: var(--awb-letter-spacing); text-transform: var(--awb-text-transform); background-color: var(--awb-bg-color-hover);\">&#8220;<\/strong><strong style=\"color: var(--awb-text-color); font-family: var(--awb-text-font-family); font-size: var(--awb-font-size); font-style: var(--awb-text-font-style); letter-spacing: var(--awb-letter-spacing); text-transform: var(--awb-text-transform); background-color: var(--awb-bg-color-hover);\"> <\/strong><\/u><\/h3>\n<p style=\"font-weight: 400; text-align: center;\"><span style=\"color: #cc99ff;\"><strong>Le clinicien fourni le pdf de la publication source + annote directement sur le pdf ses commentaires pour le biostatisticien.<\/strong><\/span><\/p>\n<p style=\"font-weight: 400;\">Composition de chaque article (voir exemple de pr\u00e9sentation d&#8217;article) = 5 000 signes et espaces maximum + deux \u00e0 trois illustrations extraites de la pr\u00e9sentation de l&#8217;essai (tableaux, courbes, etc.).<\/p>\n<ol>\n<li>Titre &#8216;accrocheur&#8217;<\/li>\n<li>S\u00e9lection de 2 \u00e0 3 figures pour en faire une infographie r\u00e9sumant les principaux r\u00e9sultats de l&#8217;\u00e9tude.<\/li>\n<li>Mots cl\u00e9s (3 \u00e0 4).<\/li>\n<li>R\u00e9sum\u00e9 de l&#8217;article = 1000 signes et espaces max.<\/li>\n<li style=\"font-weight: 400;\">Quels impacts sur les connaissances et les pratiques cliniques ? = 2000 signes et espaces max.<\/li>\n<li>Critique m\u00e9thodologique par le biostatisticien.<\/li>\n<li>Encadr\u00e9 : points forts\/faibles cliniques et statistiques.<\/li>\n<\/ol>\n<p style=\"font-weight: 400; text-align: center;\"><span style=\"color: #cc99ff;\"><strong>______________________________________________________________________________ <\/strong><\/span><\/p>\n<p style=\"font-weight: 400; text-align: center;\">\n<h3><u> Recom<\/u><u style=\"color: var(--h3_typography-color); font-family: var(--h3_typography-font-family); font-size: var(--h3_typography-font-size); font-style: var(--h3_typography-font-style,normal); font-weight: var(--h3_typography-font-weight); letter-spacing: var(--h3_typography-letter-spacing); text-transform: var(--h3_typography-text-transform); background-color: var(--awb-bg-color-hover);\">mandations aux auteurs : &#8220;REVUE DE PRESSE&#8221; <\/u><\/h3>\n<h6>Le clinicien fourni le pdf de la publication source + annote directement sur le pdf ses commentaires pour le biostatisticien.<\/h6>\n<\/p>\n<ol>\n<li>Titre &#8216;accrocheur&#8217;<\/li>\n<li>R\u00e9sum\u00e9 de l&#8217;\u00e9tude : 600 signes et espaces<\/li>\n<li>Dans nos pratiques : 400 signes et espaces<\/li>\n<\/ol>\n<p style=\"font-weight: 400; text-align: center;\">\n<p><span style=\"color: #cc99ff;\"><strong>_____________________________________________________________________________<\/strong><\/span><\/p>\n<p><span style=\"color: #cc99ff;\"><strong>Vous pouvez soumettre votre article <\/strong><strong>\u00e0 <\/strong><strong>l&#8217;adresse suivante :<br \/>\n<\/strong><\/span><\/p>\n<p><span style=\"font-weight: 400;\"><a href=\"mailto:pascaleraoul@intercomsante.fr\"><strong>pascaleraoul@intercomsante.fr<\/strong><\/a><\/span><\/p>\n<\/div><\/div><\/div><\/div><\/div>","protected":false},"excerpt":{"rendered":"","protected":false},"author":2,"featured_media":0,"parent":0,"menu_order":0,"comment_status":"closed","ping_status":"closed","template":"","meta":{"_monsterinsights_skip_tracking":false,"_monsterinsights_sitenote_active":false,"_monsterinsights_sitenote_note":"","_monsterinsights_sitenote_category":0,"_uf_show_specific_survey":0,"_uf_disable_surveys":false,"footnotes":""},"class_list":["post-16886","page","type-page","status-publish","hentry"],"aioseo_notices":[],"_links":{"self":[{"href":"https:\/\/www.hematostat.net\/en\/wp-json\/wp\/v2\/pages\/16886","targetHints":{"allow":["GET"]}}],"collection":[{"href":"https:\/\/www.hematostat.net\/en\/wp-json\/wp\/v2\/pages"}],"about":[{"href":"https:\/\/www.hematostat.net\/en\/wp-json\/wp\/v2\/types\/page"}],"author":[{"embeddable":true,"href":"https:\/\/www.hematostat.net\/en\/wp-json\/wp\/v2\/users\/2"}],"replies":[{"embeddable":true,"href":"https:\/\/www.hematostat.net\/en\/wp-json\/wp\/v2\/comments?post=16886"}],"version-history":[{"count":4,"href":"https:\/\/www.hematostat.net\/en\/wp-json\/wp\/v2\/pages\/16886\/revisions"}],"predecessor-version":[{"id":18015,"href":"https:\/\/www.hematostat.net\/en\/wp-json\/wp\/v2\/pages\/16886\/revisions\/18015"}],"wp:attachment":[{"href":"https:\/\/www.hematostat.net\/en\/wp-json\/wp\/v2\/media?parent=16886"}],"curies":[{"name":"wp","href":"https:\/\/api.w.org\/{rel}","templated":true}]}}